{"id":24,"date":"2025-12-22T14:51:37","date_gmt":"2025-12-22T14:51:37","guid":{"rendered":"https:\/\/trihormonic.de\/?page_id=24"},"modified":"2026-04-14T14:47:45","modified_gmt":"2026-04-14T14:47:45","slug":"problem-section","status":"publish","type":"page","link":"https:\/\/trihormonic.de\/?page_id=24","title":{"rendered":"Kontakt-Formular"},"content":{"rendered":"<style>.wp-block-kadence-advancedheading.kt-adv-heading24_69d949-ad, .wp-block-kadence-advancedheading.kt-adv-heading24_69d949-ad[data-kb-block=\"kb-adv-heading24_69d949-ad\"]{font-style:normal;}.wp-block-kadence-advancedheading.kt-adv-heading24_69d949-ad mark.kt-highlight, .wp-block-kadence-advancedheading.kt-adv-heading24_69d949-ad[data-kb-block=\"kb-adv-heading24_69d949-ad\"] mark.kt-highlight{font-style:normal;color:#f76a0c;-webkit-box-decoration-break:clone;box-decoration-break:clone;padding-top:0px;padding-right:0px;padding-bottom:0px;padding-left:0px;}.wp-block-kadence-advancedheading.kt-adv-heading24_69d949-ad img.kb-inline-image, .wp-block-kadence-advancedheading.kt-adv-heading24_69d949-ad[data-kb-block=\"kb-adv-heading24_69d949-ad\"] img.kb-inline-image{width:150px;vertical-align:baseline;}<\/style>\n<h2 class=\"kt-adv-heading24_69d949-ad wp-block-kadence-advancedheading\" data-kb-block=\"kb-adv-heading24_69d949-ad\"><strong>\u2728<\/strong> Lass uns sprechen!<\/h2>\n\n\n\n<p>F\u00fclle das Anmeldeformular mit deinen Kontaktdaten und deinem Anliegen aus. <br>V\u00f6llig kostenlos und unverbindlich nat\u00fcrlich.<\/p>\n\n\n\n<p>Ich melde mich dann innerhalb von 48 h (telefonisch, per Mail oder WhatsApp) f\u00fcr einen <br>kurzen Check-in bei dir.<br>Gemeinsam schauen wir, wo du stehst, was dein Ziel ist und ob ich dir dabei helfen kann. <br>Falls ja, vereinbaren wir einen Termin f\u00fcr Dein kostenloses und unverbindliches Beratungsgespr\u00e4ch.<\/p>\n\n\n<style>.kt-accordion-id24_768454-43 .kt-accordion-inner-wrap{column-gap:var(--global-kb-gap-md, 2rem);row-gap:0px;}.kt-accordion-id24_768454-43 .kt-accordion-panel-inner{border-top:0px solid transparent;border-right:0px solid transparent;border-bottom:0px solid transparent;border-left:0px solid transparent;padding-top:var(--global-kb-spacing-sm, 1.5rem);padding-right:var(--global-kb-spacing-sm, 1.5rem);padding-bottom:var(--global-kb-spacing-sm, 1.5rem);padding-left:var(--global-kb-spacing-sm, 1.5rem);}.kt-accordion-id24_768454-43 > .kt-accordion-inner-wrap > .wp-block-kadence-pane > .kt-accordion-header-wrap > .kt-blocks-accordion-header{border-top:1px solid var(--global-palette8, #F7FAFC);border-right:1px solid var(--global-palette8, #F7FAFC);border-bottom:1px solid var(--global-palette8, #F7FAFC);border-left:1px solid var(--global-palette8, #F7FAFC);border-top-left-radius:0px;border-top-right-radius:0px;border-bottom-right-radius:0px;border-bottom-left-radius:0px;background:var(--global-palette2, #2B6CB0);color:var(--global-palette8, #F7FAFC);padding-top:9px;padding-right:13px;padding-bottom:9px;padding-left:13px;}.kt-accordion-id24_768454-43:not( .kt-accodion-icon-style-basiccircle ):not( .kt-accodion-icon-style-xclosecircle ):not( .kt-accodion-icon-style-arrowcircle )  > .kt-accordion-inner-wrap > .wp-block-kadence-pane > .kt-accordion-header-wrap .kt-blocks-accordion-icon-trigger:after, .kt-accordion-id24_768454-43:not( .kt-accodion-icon-style-basiccircle ):not( .kt-accodion-icon-style-xclosecircle ):not( .kt-accodion-icon-style-arrowcircle )  > .kt-accordion-inner-wrap > .wp-block-kadence-pane > .kt-accordion-header-wrap .kt-blocks-accordion-icon-trigger:before{background:var(--global-palette8, #F7FAFC);}.kt-accordion-id24_768454-43:not( .kt-accodion-icon-style-basic ):not( .kt-accodion-icon-style-xclose ):not( .kt-accodion-icon-style-arrow ) .kt-blocks-accordion-icon-trigger{background:var(--global-palette8, #F7FAFC);}.kt-accordion-id24_768454-43:not( .kt-accodion-icon-style-basic ):not( .kt-accodion-icon-style-xclose ):not( .kt-accodion-icon-style-arrow ) .kt-blocks-accordion-icon-trigger:after, .kt-accordion-id24_768454-43:not( .kt-accodion-icon-style-basic ):not( .kt-accodion-icon-style-xclose ):not( .kt-accodion-icon-style-arrow ) .kt-blocks-accordion-icon-trigger:before{background:var(--global-palette2, #2B6CB0);}.kt-accordion-id24_768454-43 > .kt-accordion-inner-wrap > .wp-block-kadence-pane > .kt-accordion-header-wrap > .kt-blocks-accordion-header:hover, \n\t\t\t\tbody:not(.hide-focus-outline) .kt-accordion-id24_768454-43 .kt-blocks-accordion-header:focus-visible{color:var(--global-palette4, #2D3748);background:var(--global-palette7, #EDF2F7);border-top:1px solid var(--global-palette8, #F7FAFC);border-right:1px solid var(--global-palette8, #F7FAFC);border-bottom:1px solid var(--global-palette8, #F7FAFC);border-left:1px solid var(--global-palette8, #F7FAFC);}.kt-accordion-id24_768454-43:not( .kt-accodion-icon-style-basiccircle ):not( .kt-accodion-icon-style-xclosecircle ):not( .kt-accodion-icon-style-arrowcircle ) .kt-accordion-header-wrap .kt-blocks-accordion-header:hover .kt-blocks-accordion-icon-trigger:after, .kt-accordion-id24_768454-43:not( .kt-accodion-icon-style-basiccircle ):not( .kt-accodion-icon-style-xclosecircle ):not( .kt-accodion-icon-style-arrowcircle ) .kt-accordion-header-wrap .kt-blocks-accordion-header:hover .kt-blocks-accordion-icon-trigger:before, body:not(.hide-focus-outline) .kt-accordion-id24_768454-43:not( .kt-accodion-icon-style-basiccircle ):not( .kt-accodion-icon-style-xclosecircle ):not( .kt-accodion-icon-style-arrowcircle ) .kt-blocks-accordion--visible .kt-blocks-accordion-icon-trigger:after, body:not(.hide-focus-outline) .kt-accordion-id24_768454-43:not( .kt-accodion-icon-style-basiccircle ):not( .kt-accodion-icon-style-xclosecircle ):not( .kt-accodion-icon-style-arrowcircle ) .kt-blocks-accordion-header:focus-visible .kt-blocks-accordion-icon-trigger:before{background:var(--global-palette4, #2D3748);}.kt-accordion-id24_768454-43:not( .kt-accodion-icon-style-basic ):not( .kt-accodion-icon-style-xclose ):not( .kt-accodion-icon-style-arrow ) .kt-accordion-header-wrap .kt-blocks-accordion-header:hover .kt-blocks-accordion-icon-trigger, body:not(.hide-focus-outline) .kt-accordion-id24_768454-43:not( .kt-accodion-icon-style-basic ):not( .kt-accodion-icon-style-xclose ):not( .kt-accodion-icon-style-arrow ) .kt-accordion-header-wrap .kt-blocks-accordion-header:focus-visible .kt-blocks-accordion-icon-trigger{background:var(--global-palette4, #2D3748);}.kt-accordion-id24_768454-43:not( .kt-accodion-icon-style-basic ):not( .kt-accodion-icon-style-xclose ):not( .kt-accodion-icon-style-arrow ) .kt-accordion-header-wrap .kt-blocks-accordion-header:hover .kt-blocks-accordion-icon-trigger:after, .kt-accordion-id24_768454-43:not( .kt-accodion-icon-style-basic ):not( .kt-accodion-icon-style-xclose ):not( .kt-accodion-icon-style-arrow ) .kt-accordion-header-wrap .kt-blocks-accordion-header:hover .kt-blocks-accordion-icon-trigger:before, body:not(.hide-focus-outline) .kt-accordion-id24_768454-43:not( .kt-accodion-icon-style-basic ):not( .kt-accodion-icon-style-xclose ):not( .kt-accodion-icon-style-arrow ) .kt-accordion-header-wrap .kt-blocks-accordion-header:focus-visible .kt-blocks-accordion-icon-trigger:after, body:not(.hide-focus-outline) .kt-accordion-id24_768454-43:not( .kt-accodion-icon-style-basic ):not( .kt-accodion-icon-style-xclose ):not( .kt-accodion-icon-style-arrow ) .kt-accordion-header-wrap .kt-blocks-accordion-header:focus-visible .kt-blocks-accordion-icon-trigger:before{background:var(--global-palette7, #EDF2F7);}.kt-accordion-id24_768454-43 .kt-accordion-header-wrap .kt-blocks-accordion-header:focus-visible,\n\t\t\t\t.kt-accordion-id24_768454-43 > .kt-accordion-inner-wrap > .wp-block-kadence-pane > .kt-accordion-header-wrap > .kt-blocks-accordion-header.kt-accordion-panel-active{color:var(--global-palette4, #2D3748);background:var(--global-palette7, #EDF2F7);border-top:1px solid var(--global-palette8, #F7FAFC);border-right:1px solid var(--global-palette8, #F7FAFC);border-bottom:1px solid var(--global-palette8, #F7FAFC);border-left:1px solid var(--global-palette8, #F7FAFC);}.kt-accordion-id24_768454-43:not( .kt-accodion-icon-style-basiccircle ):not( .kt-accodion-icon-style-xclosecircle ):not( .kt-accodion-icon-style-arrowcircle )  > .kt-accordion-inner-wrap > .wp-block-kadence-pane > .kt-accordion-header-wrap > .kt-blocks-accordion-header.kt-accordion-panel-active .kt-blocks-accordion-icon-trigger:after, .kt-accordion-id24_768454-43:not( .kt-accodion-icon-style-basiccircle ):not( .kt-accodion-icon-style-xclosecircle ):not( .kt-accodion-icon-style-arrowcircle )  > .kt-accordion-inner-wrap > .wp-block-kadence-pane > .kt-accordion-header-wrap > .kt-blocks-accordion-header.kt-accordion-panel-active .kt-blocks-accordion-icon-trigger:before{background:var(--global-palette4, #2D3748);}.kt-accordion-id24_768454-43:not( .kt-accodion-icon-style-basic ):not( .kt-accodion-icon-style-xclose ):not( .kt-accodion-icon-style-arrow ) .kt-blocks-accordion-header.kt-accordion-panel-active .kt-blocks-accordion-icon-trigger{background:var(--global-palette4, #2D3748);}.kt-accordion-id24_768454-43:not( .kt-accodion-icon-style-basic ):not( .kt-accodion-icon-style-xclose ):not( .kt-accodion-icon-style-arrow ) .kt-blocks-accordion-header.kt-accordion-panel-active .kt-blocks-accordion-icon-trigger:after, .kt-accordion-id24_768454-43:not( .kt-accodion-icon-style-basic ):not( .kt-accodion-icon-style-xclose ):not( .kt-accodion-icon-style-arrow ) .kt-blocks-accordion-header.kt-accordion-panel-active .kt-blocks-accordion-icon-trigger:before{background:var(--global-palette7, #EDF2F7);}@media all and (max-width: 1024px){.kt-accordion-id24_768454-43 .kt-accordion-panel-inner{border-top:0px solid transparent;border-right:0px solid transparent;border-bottom:0px solid transparent;border-left:0px solid transparent;}}@media all and (max-width: 1024px){.kt-accordion-id24_768454-43 > .kt-accordion-inner-wrap > .wp-block-kadence-pane > .kt-accordion-header-wrap > .kt-blocks-accordion-header{border-top:1px solid var(--global-palette8, #F7FAFC);border-right:1px solid var(--global-palette8, #F7FAFC);border-bottom:1px solid var(--global-palette8, #F7FAFC);border-left:1px solid var(--global-palette8, #F7FAFC);}}@media all and (max-width: 1024px){.kt-accordion-id24_768454-43 > .kt-accordion-inner-wrap > .wp-block-kadence-pane > .kt-accordion-header-wrap > .kt-blocks-accordion-header:hover, \n\t\t\t\tbody:not(.hide-focus-outline) .kt-accordion-id24_768454-43 .kt-blocks-accordion-header:focus-visible{border-top:1px solid var(--global-palette8, #F7FAFC);border-right:1px solid var(--global-palette8, #F7FAFC);border-bottom:1px solid var(--global-palette8, #F7FAFC);border-left:1px solid var(--global-palette8, #F7FAFC);}}@media all and (max-width: 1024px){.kt-accordion-id24_768454-43 .kt-accordion-header-wrap .kt-blocks-accordion-header:focus-visible,\n\t\t\t\t.kt-accordion-id24_768454-43 > .kt-accordion-inner-wrap > .wp-block-kadence-pane > .kt-accordion-header-wrap > .kt-blocks-accordion-header.kt-accordion-panel-active{border-top:1px solid var(--global-palette8, #F7FAFC);border-right:1px solid var(--global-palette8, #F7FAFC);border-bottom:1px solid var(--global-palette8, #F7FAFC);border-left:1px solid var(--global-palette8, #F7FAFC);}}@media all and (max-width: 767px){.kt-accordion-id24_768454-43 .kt-accordion-inner-wrap{display:block;}.kt-accordion-id24_768454-43 .kt-accordion-inner-wrap .kt-accordion-pane:not(:first-child){margin-top:0px;}.kt-accordion-id24_768454-43 .kt-accordion-panel-inner{border-top:0px solid transparent;border-right:0px solid transparent;border-bottom:0px solid transparent;border-left:0px solid transparent;}.kt-accordion-id24_768454-43 > .kt-accordion-inner-wrap > .wp-block-kadence-pane > .kt-accordion-header-wrap > .kt-blocks-accordion-header{border-top:1px solid var(--global-palette8, #F7FAFC);border-right:1px solid var(--global-palette8, #F7FAFC);border-bottom:1px solid var(--global-palette8, #F7FAFC);border-left:1px solid var(--global-palette8, #F7FAFC);}.kt-accordion-id24_768454-43 > .kt-accordion-inner-wrap > .wp-block-kadence-pane > .kt-accordion-header-wrap > .kt-blocks-accordion-header:hover, \n\t\t\t\tbody:not(.hide-focus-outline) .kt-accordion-id24_768454-43 .kt-blocks-accordion-header:focus-visible{border-top:1px solid var(--global-palette8, #F7FAFC);border-right:1px solid var(--global-palette8, #F7FAFC);border-bottom:1px solid var(--global-palette8, #F7FAFC);border-left:1px solid var(--global-palette8, #F7FAFC);}.kt-accordion-id24_768454-43 .kt-accordion-header-wrap .kt-blocks-accordion-header:focus-visible,\n\t\t\t\t.kt-accordion-id24_768454-43 > .kt-accordion-inner-wrap > .wp-block-kadence-pane > .kt-accordion-header-wrap > .kt-blocks-accordion-header.kt-accordion-panel-active{border-top:1px solid var(--global-palette8, #F7FAFC);border-right:1px solid var(--global-palette8, #F7FAFC);border-bottom:1px solid var(--global-palette8, #F7FAFC);border-left:1px solid var(--global-palette8, #F7FAFC);}}<\/style>\n<div class=\"wp-block-kadence-accordion alignnone\"><div class=\"kt-accordion-wrap kt-accordion-id24_768454-43 kt-accordion-has-3-panes kt-active-pane-0 kt-accordion-block kt-pane-header-alignment-left kt-accodion-icon-style-basic kt-accodion-icon-side-right\" style=\"max-width:none\"><div class=\"kt-accordion-inner-wrap\" data-allow-multiple-open=\"false\" data-start-open=\"0\">\n<div class=\"wp-block-kadence-pane kt-accordion-pane kt-accordion-pane-1 kt-pane24_ca6f30-2f\"><div class=\"kt-accordion-header-wrap\"><button class=\"kt-blocks-accordion-header kt-acccordion-button-label-show\" type=\"button\"><span class=\"kt-blocks-accordion-title-wrap\"><span class=\"kt-blocks-accordion-title\">Kontaktformular<\/span><\/span><span class=\"kt-blocks-accordion-icon-trigger\"><\/span><\/button><\/div><div class=\"kt-accordion-panel kt-accordion-panel-hidden\"><div class=\"kt-accordion-panel-inner\"><style>.kadence-form-24_a82c2c-d3 .kb-form .kadence-blocks-form-field .kb-text-style-field, .kadence-form-24_a82c2c-d3 .kb-form .kadence-blocks-form-field .kb-select-style-field{color:var(--global-palette1, #3182CE);background:rgba(237, 220, 232, 0.5);box-shadow:20px 20px 30px 0px rgba(0, 0, 0, 0.2);}.kb-form input.kadence-blocks-field.verify{opacity:0.0;position:absolute;top:0.0;left:0.0;width:0.0;height:0.0;z-index:-1;}<\/style>\n<div class=\"wp-block-kadence-form kadence-form-24_a82c2c-d3 kb-form-wrap\"><form class=\"kb-form\" action=\"\" method=\"post\"><div class=\"kadence-blocks-form-field kb-field-desk-width-100 kb-input-size-standard\"><label for=\"kb_field_24_a82c2c-d3_0\">Name<span class=\"required\">*<\/span><\/label><input name=\"kb_field_0\" id=\"kb_field_24_a82c2c-d3_0\" data-label=\"Name\" type=\"text\" placeholder=\"\" value=\"\" data-type=\"text\" class=\"kb-field kb-text-style-field kb-text-field kb-field-0\" data-required=\"yes\"\/><\/div><div class=\"kadence-blocks-form-field kb-form-field-1 kb-field-desk-width-100 kb-input-size-standard\"><label for=\"kb_field_24_a82c2c-d3_1\">Email<span class=\"required\">*<\/span><\/label><input name=\"kb_field_1\" id=\"kb_field_24_a82c2c-d3_1\" data-label=\"Email\" type=\"email\" placeholder=\"\" value=\"\" data-type=\"email\" class=\"kb-field kb-text-style-field kb-email-field kb-field-1\" data-required=\"yes\"\/><\/div><div class=\"kadence-blocks-form-field kb-form-field-2 kb-field-desk-width-100 kb-input-size-standard\"><label for=\"kb_field_24_a82c2c-d3_2\">Telefonnummer (bei telefonischem R\u00fcckruf)<\/label><input name=\"kb_field_2\" id=\"kb_field_24_a82c2c-d3_2\" data-label=\"Telefonnummer (bei telefonischem R\u00fcckruf)\" type=\"tel\" placeholder=\"\" value=\"\" data-type=\"tel\" class=\"kb-field kb-text-style-field kb-tel-field kb-field-2\"\/><\/div><div class=\"kadence-blocks-form-field kb-form-field-3 kb-field-desk-width-100 kb-input-size-standard\"><label for=\"kb_field_24_a82c2c-d3_3\">Anliegen<span class=\"required\">*<\/span><\/label><textarea name=\"kb_field_3\" id=\"kb_field_24_a82c2c-d3_3\" data-label=\"Anliegen\" type=\"textarea\" placeholder=\"\" data-type=\"textarea\" class=\"kb-field kb-text-style-field kb-textarea-field kb-field-3\" rows=\"4\" data-required=\"yes\"><\/textarea><\/div><input type=\"hidden\" name=\"_kb_form_id\" value=\"24_a82c2c-d3\"\/><input type=\"hidden\" name=\"_kb_form_post_id\" value=\"24\"\/><input type=\"hidden\" name=\"action\" value=\"kb_process_ajax_submit\"\/><label class=\"kadence-verify-label\">Email<input class=\"kadence-blocks-field verify\" type=\"text\" name=\"_kb_verify_email\" autocomplete=\"new-password\" aria-hidden=\"true\" placeholder=\"Email\" tabindex=\"-1\" data-1p-ignore=\"true\" data-lpignore=\"true\" \/><\/label><div class=\"kadence-blocks-form-field kb-submit-field kb-field-desk-width-100\"><button class=\"kb-forms-submit button kb-button-size-standard kb-button-width-auto\">\u2728Abschicken<\/button><\/div><\/form><\/div>\n<noscript><div class=\"kadence-blocks-form-message kadence-blocks-form-warning\">Bitte aktiviere JavaScript in deinem Browser, um dieses Formular fertigzustellen.<\/div><style>.kadence-form-24_a82c2c-d3 .kadence-blocks-form-field.kb-submit-field { display: none; }<\/style><\/noscript><\/div><\/div><\/div>\n<\/div><\/div><\/div>\n\n\n<style>.kb-row-layout-id24_b7f6ca-43 > .kt-row-column-wrap{align-content:start;}:where(.kb-row-layout-id24_b7f6ca-43 > .kt-row-column-wrap) > .wp-block-kadence-column{justify-content:start;}.kb-row-layout-id24_b7f6ca-43 > .kt-row-column-wrap{column-gap:var(--global-kb-gap-md, 2rem);row-gap:var(--global-kb-gap-md, 2rem);padding-top:var(--global-kb-spacing-sm, 1.5rem);padding-bottom:var(--global-kb-spacing-sm, 1.5rem);}.kb-row-layout-id24_b7f6ca-43 > .kt-row-column-wrap > div:not(.added-for-specificity){grid-column:initial;}.kb-row-layout-id24_b7f6ca-43 > .kt-row-column-wrap{grid-template-columns:repeat(3, minmax(0, 1fr));}.kb-row-layout-id24_b7f6ca-43 > .kt-row-layout-overlay{opacity:0.30;}@media all and (max-width: 1024px){.kb-row-layout-id24_b7f6ca-43 > .kt-row-column-wrap > div:not(.added-for-specificity){grid-column:initial;}}@media all and (max-width: 1024px){.kb-row-layout-id24_b7f6ca-43 > .kt-row-column-wrap{grid-template-columns:repeat(3, minmax(0, 1fr));}}@media all and (max-width: 767px){.kb-row-layout-id24_b7f6ca-43 > .kt-row-column-wrap > div:not(.added-for-specificity){grid-column:initial;}.kb-row-layout-id24_b7f6ca-43 > .kt-row-column-wrap{grid-template-columns:minmax(0, 1fr);}}<\/style><div class=\"kb-row-layout-wrap kb-row-layout-id24_b7f6ca-43 alignnone wp-block-kadence-rowlayout\"><div class=\"kt-row-column-wrap kt-has-3-columns kt-row-layout-equal kt-tab-layout-inherit kt-mobile-layout-row kt-row-valign-top\">\n<style>.kadence-column24_0cb287-7a > .kt-inside-inner-col,.kadence-column24_0cb287-7a > .kt-inside-inner-col:before{border-top-left-radius:0px;border-top-right-radius:0px;border-bottom-right-radius:0px;border-bottom-left-radius:0px;}.kadence-column24_0cb287-7a > .kt-inside-inner-col{column-gap:var(--global-kb-gap-sm, 1rem);}.kadence-column24_0cb287-7a > .kt-inside-inner-col{flex-direction:column;}.kadence-column24_0cb287-7a > .kt-inside-inner-col > .aligncenter{width:100%;}.kadence-column24_0cb287-7a > .kt-inside-inner-col:before{opacity:0.3;}.kadence-column24_0cb287-7a{position:relative;}@media all and (max-width: 1024px){.kadence-column24_0cb287-7a > .kt-inside-inner-col{flex-direction:column;justify-content:center;}}@media all and (max-width: 767px){.kadence-column24_0cb287-7a > .kt-inside-inner-col{flex-direction:column;justify-content:center;}}<\/style>\n<div class=\"wp-block-kadence-column kadence-column24_0cb287-7a\"><div class=\"kt-inside-inner-col\"><\/div><\/div>\n\n\n<style>.kadence-column24_ebcd77-8e > .kt-inside-inner-col,.kadence-column24_ebcd77-8e > .kt-inside-inner-col:before{border-top-left-radius:0px;border-top-right-radius:0px;border-bottom-right-radius:0px;border-bottom-left-radius:0px;}.kadence-column24_ebcd77-8e > .kt-inside-inner-col{column-gap:var(--global-kb-gap-sm, 1rem);}.kadence-column24_ebcd77-8e > .kt-inside-inner-col{flex-direction:column;}.kadence-column24_ebcd77-8e > .kt-inside-inner-col > .aligncenter{width:100%;}.kadence-column24_ebcd77-8e > .kt-inside-inner-col:before{opacity:0.3;}.kadence-column24_ebcd77-8e{position:relative;}@media all and (max-width: 1024px){.kadence-column24_ebcd77-8e > .kt-inside-inner-col{flex-direction:column;justify-content:center;}}@media all and (max-width: 767px){.kadence-column24_ebcd77-8e > .kt-inside-inner-col{flex-direction:column;justify-content:center;}}<\/style>\n<div class=\"wp-block-kadence-column kadence-column24_ebcd77-8e\"><div class=\"kt-inside-inner-col\"><\/div><\/div>\n\n\n<style>.kadence-column24_e96962-c0 > .kt-inside-inner-col,.kadence-column24_e96962-c0 > .kt-inside-inner-col:before{border-top-left-radius:0px;border-top-right-radius:0px;border-bottom-right-radius:0px;border-bottom-left-radius:0px;}.kadence-column24_e96962-c0 > .kt-inside-inner-col{column-gap:var(--global-kb-gap-sm, 1rem);}.kadence-column24_e96962-c0 > .kt-inside-inner-col{flex-direction:column;}.kadence-column24_e96962-c0 > .kt-inside-inner-col > .aligncenter{width:100%;}.kadence-column24_e96962-c0 > .kt-inside-inner-col:before{opacity:0.3;}.kadence-column24_e96962-c0{position:relative;}@media all and (max-width: 1024px){.kadence-column24_e96962-c0 > .kt-inside-inner-col{flex-direction:column;justify-content:center;}}@media all and (max-width: 767px){.kadence-column24_e96962-c0 > .kt-inside-inner-col{flex-direction:column;justify-content:center;}}<\/style>\n<div class=\"wp-block-kadence-column kadence-column24_e96962-c0\"><div class=\"kt-inside-inner-col\"><\/div><\/div>\n\n<\/div><\/div>\n\n\n<p><\/p>\n","protected":false},"excerpt":{"rendered":"<p>\u2728 Lass uns sprechen! F\u00fclle das Anmeldeformular mit deinen Kontaktdaten und deinem Anliegen aus. V\u00f6llig kostenlos und unverbindlich nat\u00fcrlich. Ich melde mich dann innerhalb von 48 h (telefonisch, per Mail oder WhatsApp) f\u00fcr einen kurzen Check-in bei dir.Gemeinsam schauen wir, wo du stehst, was dein Ziel ist und ob ich dir dabei helfen kann. Falls&#8230;<\/p>\n","protected":false},"author":1,"featured_media":0,"parent":0,"menu_order":0,"comment_status":"closed","ping_status":"closed","template":"","meta":{"_kad_post_transparent":"","_kad_post_title":"","_kad_post_layout":"","_kad_post_sidebar_id":"","_kad_post_content_style":"","_kad_post_vertical_padding":"","_kad_post_feature":"","_kad_post_feature_position":"","_kad_post_header":false,"_kad_post_footer":false,"_kad_post_classname":"","footnotes":""},"class_list":["post-24","page","type-page","status-publish","hentry"],"_links":{"self":[{"href":"https:\/\/trihormonic.de\/index.php?rest_route=\/wp\/v2\/pages\/24","targetHints":{"allow":["GET"]}}],"collection":[{"href":"https:\/\/trihormonic.de\/index.php?rest_route=\/wp\/v2\/pages"}],"about":[{"href":"https:\/\/trihormonic.de\/index.php?rest_route=\/wp\/v2\/types\/page"}],"author":[{"embeddable":true,"href":"https:\/\/trihormonic.de\/index.php?rest_route=\/wp\/v2\/users\/1"}],"replies":[{"embeddable":true,"href":"https:\/\/trihormonic.de\/index.php?rest_route=%2Fwp%2Fv2%2Fcomments&post=24"}],"version-history":[{"count":12,"href":"https:\/\/trihormonic.de\/index.php?rest_route=\/wp\/v2\/pages\/24\/revisions"}],"predecessor-version":[{"id":748,"href":"https:\/\/trihormonic.de\/index.php?rest_route=\/wp\/v2\/pages\/24\/revisions\/748"}],"wp:attachment":[{"href":"https:\/\/trihormonic.de\/index.php?rest_route=%2Fwp%2Fv2%2Fmedia&parent=24"}],"curies":[{"name":"wp","href":"https:\/\/api.w.org\/{rel}","templated":true}]}}